{"id":42,"date":"2025-10-10T08:33:11","date_gmt":"2025-10-10T08:33:11","guid":{"rendered":"https:\/\/www.ambiances-architecture.fr\/?page_id=42"},"modified":"2025-11-07T18:41:58","modified_gmt":"2025-11-07T18:41:58","slug":"contact","status":"publish","type":"page","link":"https:\/\/www.ambiances-architecture.fr\/index.php\/contact\/","title":{"rendered":"Contact"},"content":{"rendered":"\t\t<div data-elementor-type=\"wp-page\" data-elementor-id=\"42\" class=\"elementor elementor-42\">\n\t\t\t\t<div class=\"elementor-element elementor-element-3582969 e-con-full aa-banner e-flex e-con e-parent\" data-id=\"3582969\" data-element_type=\"container\" data-settings=\"{&quot;background_background&quot;:&quot;classic&quot;}\">\n\t\t<div class=\"elementor-element elementor-element-c45aed7 e-flex e-con-boxed e-con e-child\" data-id=\"c45aed7\" data-element_type=\"container\">\n\t\t\t\t\t<div class=\"e-con-inner\">\n\t\t\t\t<div class=\"elementor-element elementor-element-b9fcc8d elementor-widget elementor-widget-heading\" data-id=\"b9fcc8d\" data-element_type=\"widget\" data-widget_type=\"heading.default\">\n\t\t\t\t\t<h2 class=\"elementor-heading-title elementor-size-default\">Contact<\/h2>\t\t\t\t<\/div>\n\t\t\t\t\t<\/div>\n\t\t\t\t<\/div>\n\t\t\t\t<div class=\"elementor-element elementor-element-b54a5e8 elementor-widget__width-inherit aa-trame-blanche elementor-hidden-tablet elementor-hidden-mobile elementor-widget elementor-widget-image\" data-id=\"b54a5e8\" data-element_type=\"widget\" data-widget_type=\"image.default\">\n\t\t\t\t\t\t\t\t\t\t\t\t\t\t\t<img fetchpriority=\"high\" decoding=\"async\" width=\"1309\" height=\"953\" src=\"https:\/\/www.ambiances-architecture.fr\/wp-content\/uploads\/2025\/10\/trame.png\" class=\"attachment-full size-full wp-image-450\" alt=\"architecte d&#039;int\u00e9rieur reims - accueil\" srcset=\"https:\/\/www.ambiances-architecture.fr\/wp-content\/uploads\/2025\/10\/trame.png 1309w, https:\/\/www.ambiances-architecture.fr\/wp-content\/uploads\/2025\/10\/trame-300x218.png 300w, https:\/\/www.ambiances-architecture.fr\/wp-content\/uploads\/2025\/10\/trame-1024x746.png 1024w, https:\/\/www.ambiances-architecture.fr\/wp-content\/uploads\/2025\/10\/trame-768x559.png 768w\" sizes=\"(max-width: 1309px) 100vw, 1309px\" \/>\t\t\t\t\t\t\t\t\t\t\t\t\t\t\t<\/div>\n\t\t\t\t<\/div>\n\t\t<div class=\"elementor-element elementor-element-d9fd238 e-flex e-con-boxed e-con e-parent\" data-id=\"d9fd238\" data-element_type=\"container\">\n\t\t\t\t\t<div class=\"e-con-inner\">\n\t\t\t\t<div class=\"elementor-element elementor-element-a712672 elementor-widget elementor-widget-shortcode\" data-id=\"a712672\" data-element_type=\"widget\" data-widget_type=\"shortcode.default\">\n\t\t\t\t\t\t\t<div class=\"elementor-shortcode\"><div class=\"forminator-ui forminator-custom-form forminator-custom-form-271 forminator-design--material  forminator_ajax\" data-forminator-render=\"0\" data-form=\"forminator-module-271\" data-uid=\"69d52253f114c\"><br\/><\/div><form\n\t\t\t\tid=\"forminator-module-271\"\n\t\t\t\tclass=\"forminator-ui forminator-custom-form forminator-custom-form-271 forminator-design--material  forminator_ajax\"\n\t\t\t\tmethod=\"post\"\n\t\t\t\tdata-forminator-render=\"0\"\n\t\t\t\tdata-form-id=\"271\"\n\t\t\t\t data-color-option=\"theme\" data-design=\"material\" data-grid=\"open\" style=\"display: none;\"\n\t\t\t\tdata-uid=\"69d52253f114c\"\n\t\t\t><div role=\"alert\" aria-live=\"polite\" class=\"forminator-response-message forminator-error\" aria-hidden=\"true\"><\/div><div class=\"forminator-row\"><div id=\"name-1\" class=\"forminator-field-name forminator-col forminator-col-6 \"><div class=\"forminator-field\"><label for=\"forminator-field-name-1_69d52253f114c\" id=\"forminator-field-name-1_69d52253f114c-label\" class=\"forminator-label\">Pr\u00e9nom <span class=\"forminator-required\">*<\/span><\/label><input type=\"text\" name=\"name-1\" value=\"\" placeholder=\"\" id=\"forminator-field-name-1_69d52253f114c\" class=\"forminator-input forminator-name--field\" aria-required=\"true\" autocomplete=\"name\" \/><\/div><\/div><div id=\"name-2\" class=\"forminator-field-name forminator-col forminator-col-6 \"><div class=\"forminator-field\"><label for=\"forminator-field-name-2_69d52253f114c\" id=\"forminator-field-name-2_69d52253f114c-label\" class=\"forminator-label\">Nom <span class=\"forminator-required\">*<\/span><\/label><input type=\"text\" name=\"name-2\" value=\"\" placeholder=\"\" id=\"forminator-field-name-2_69d52253f114c\" class=\"forminator-input forminator-name--field\" aria-required=\"true\" autocomplete=\"name\" \/><\/div><\/div><\/div><div class=\"forminator-row\"><div id=\"email-1\" class=\"forminator-field-email forminator-col forminator-col-12 \"><div class=\"forminator-field\"><label for=\"forminator-field-email-1_69d52253f114c\" id=\"forminator-field-email-1_69d52253f114c-label\" class=\"forminator-label\">Adresse de messagerie <span class=\"forminator-required\">*<\/span><\/label><input type=\"email\" name=\"email-1\" value=\"\" placeholder=\"\" id=\"forminator-field-email-1_69d52253f114c\" class=\"forminator-input forminator-email--field\" data-required=\"true\" aria-required=\"true\" autocomplete=\"email\" \/><\/div><\/div><\/div><div class=\"forminator-row\"><div id=\"phone-1\" class=\"forminator-field-phone forminator-col forminator-col-12 \"><div class=\"forminator-field\"><label for=\"forminator-field-phone-1_69d52253f114c\" id=\"forminator-field-phone-1_69d52253f114c-label\" class=\"forminator-label\">Num\u00e9ro de t\u00e9l\u00e9phone<\/label><input type=\"text\" name=\"phone-1\" value=\"\" placeholder=\"\" id=\"forminator-field-phone-1_69d52253f114c\" class=\"forminator-input forminator-field--phone\" data-required=\"\" aria-required=\"false\" autocomplete=\"off\" \/><\/div><\/div><\/div><div class=\"forminator-row\"><div id=\"textarea-1\" class=\"forminator-field-textarea forminator-col forminator-col-12 \"><div class=\"forminator-field\"><label for=\"forminator-field-textarea-1_69d52253f114c\" id=\"forminator-field-textarea-1_69d52253f114c-label\" class=\"forminator-label\">Message <span class=\"forminator-required\">*<\/span><\/label><span id=\"forminator-field-textarea-1_69d52253f114c-description\" class=\"forminator-description\"><span data-limit=\"180\" data-type=\"characters\" data-editor=\"\">0 \/ 180<\/span><\/span><textarea name=\"textarea-1\" placeholder=\"\" id=\"forminator-field-textarea-1_69d52253f114c\" class=\"forminator-textarea\" rows=\"6\" style=\"min-height:140px;\" maxlength=\"180\" ><\/textarea><\/div><\/div><\/div><input type=\"hidden\" name=\"referer_url\" value=\"\" \/><div class=\"forminator-row forminator-row-last\"><div class=\"forminator-col\"><div class=\"forminator-field\"><button class=\"forminator-button forminator-button-submit\"><span>Envoyer<\/span><span aria-hidden=\"true\"><\/span><\/button><\/div><\/div><\/div><input type=\"hidden\" id=\"forminator_nonce\" name=\"forminator_nonce\" value=\"c7f580d6bf\" \/><input type=\"hidden\" name=\"_wp_http_referer\" value=\"\/index.php\/wp-json\/wp\/v2\/pages\/42\" \/><input type=\"hidden\" name=\"form_id\" value=\"271\"><input type=\"hidden\" name=\"page_id\" value=\"42\"><input type=\"hidden\" name=\"form_type\" value=\"default\"><input type=\"hidden\" name=\"current_url\" value=\"https:\/\/www.ambiances-architecture.fr\/index.php\/contact\/\"><input type=\"hidden\" name=\"render_id\" value=\"0\"><input type=\"hidden\" name=\"action\" value=\"forminator_submit_form_custom-forms\"><\/form><\/div>\n\t\t\t\t\t\t<\/div>\n\t\t\t\t\t<\/div>\n\t\t\t\t<\/div>\n\t\t\t\t<\/div>\n\t\t","protected":false},"excerpt":{"rendered":"<p>Contact<\/p>\n","protected":false},"author":1,"featured_media":0,"parent":0,"menu_order":0,"comment_status":"closed","ping_status":"closed","template":"elementor_header_footer","meta":{"_acf_changed":false,"site-sidebar-layout":"no-sidebar","site-content-layout":"","ast-site-content-layout":"full-width-container","site-content-style":"default","site-sidebar-style":"default","ast-global-header-display":"","ast-banner-title-visibility":"","ast-main-header-display":"","ast-hfb-above-header-display":"","ast-hfb-below-header-display":"","ast-hfb-mobile-header-display":"","site-post-title":"","ast-breadcrumbs-content":"","ast-featured-img":"disabled","footer-sml-layout":"","theme-transparent-header-meta":"","adv-header-id-meta":"","stick-header-meta":"","header-above-stick-meta":"","header-main-stick-meta":"","header-below-stick-meta":"","astra-migrate-meta-layouts":"default","ast-page-background-enabled":"default","ast-page-background-meta":{"desktop":{"background-color":"var(--ast-global-color-5)","background-image":"","background-repeat":"repeat","background-position":"center center","background-size":"auto","background-attachment":"scroll","background-type":"","background-media":"","overlay-type":"","overlay-color":"","overlay-opacity":"","overlay-gradient":""},"tablet":{"background-color":"","background-image":"","background-repeat":"repeat","background-position":"center center","background-size":"auto","background-attachment":"scroll","background-type":"","background-media":"","overlay-type":"","overlay-color":"","overlay-opacity":"","overlay-gradient":""},"mobile":{"background-color":"","background-image":"","background-repeat":"repeat","background-position":"center center","background-size":"auto","background-attachment":"scroll","background-type":"","background-media":"","overlay-type":"","overlay-color":"","overlay-opacity":"","overlay-gradient":""}},"ast-content-background-meta":{"desktop":{"background-color":"var(--ast-global-color-4)","background-image":"","background-repeat":"repeat","background-position":"center center","background-size":"auto","background-attachment":"scroll","background-type":"","background-media":"","overlay-type":"","overlay-color":"","overlay-opacity":"","overlay-gradient":""},"tablet":{"background-color":"var(--ast-global-color-4)","background-image":"","background-repeat":"repeat","background-position":"center center","background-size":"auto","background-attachment":"scroll","background-type":"","background-media":"","overlay-type":"","overlay-color":"","overlay-opacity":"","overlay-gradient":""},"mobile":{"background-color":"var(--ast-global-color-4)","background-image":"","background-repeat":"repeat","background-position":"center center","background-size":"auto","background-attachment":"scroll","background-type":"","background-media":"","overlay-type":"","overlay-color":"","overlay-opacity":"","overlay-gradient":""}},"footnotes":""},"class_list":["post-42","page","type-page","status-publish","hentry"],"acf":[],"yoast_head":"<!-- This site is optimized with the Yoast SEO plugin v26.3 - https:\/\/yoast.com\/wordpress\/plugins\/seo\/ -->\n<title>Contact - Ambiances &amp; Architecture<\/title>\n<meta name=\"robots\" content=\"index, follow, max-snippet:-1, max-image-preview:large, max-video-preview:-1\" \/>\n<link rel=\"canonical\" href=\"https:\/\/www.ambiances-architecture.fr\/index.php\/contact\/\" \/>\n<meta property=\"og:locale\" content=\"fr_FR\" \/>\n<meta property=\"og:type\" content=\"article\" \/>\n<meta property=\"og:title\" content=\"Contact - Ambiances &amp; Architecture\" \/>\n<meta property=\"og:description\" content=\"Contact\" \/>\n<meta property=\"og:url\" content=\"https:\/\/www.ambiances-architecture.fr\/index.php\/contact\/\" \/>\n<meta property=\"og:site_name\" content=\"Ambiances &amp; Architecture\" \/>\n<meta property=\"article:modified_time\" content=\"2025-11-07T18:41:58+00:00\" \/>\n<meta property=\"og:image\" content=\"https:\/\/www.ambiances-architecture.fr\/wp-content\/uploads\/2025\/10\/trame.png\" \/>\n\t<meta property=\"og:image:width\" content=\"1309\" \/>\n\t<meta property=\"og:image:height\" content=\"953\" \/>\n\t<meta property=\"og:image:type\" content=\"image\/png\" \/>\n<meta name=\"twitter:card\" content=\"summary_large_image\" \/>\n<meta name=\"twitter:label1\" content=\"Dur\u00e9e de lecture estim\u00e9e\" \/>\n\t<meta name=\"twitter:data1\" content=\"1 minute\" \/>\n<script type=\"application\/ld+json\" class=\"yoast-schema-graph\">{\"@context\":\"https:\/\/schema.org\",\"@graph\":[{\"@type\":\"WebPage\",\"@id\":\"https:\/\/www.ambiances-architecture.fr\/index.php\/contact\/\",\"url\":\"https:\/\/www.ambiances-architecture.fr\/index.php\/contact\/\",\"name\":\"Contact - Ambiances &amp; Architecture\",\"isPartOf\":{\"@id\":\"https:\/\/www.ambiances-architecture.fr\/#website\"},\"primaryImageOfPage\":{\"@id\":\"https:\/\/www.ambiances-architecture.fr\/index.php\/contact\/#primaryimage\"},\"image\":{\"@id\":\"https:\/\/www.ambiances-architecture.fr\/index.php\/contact\/#primaryimage\"},\"thumbnailUrl\":\"https:\/\/www.ambiances-architecture.fr\/wp-content\/uploads\/2025\/10\/trame.png\",\"datePublished\":\"2025-10-10T08:33:11+00:00\",\"dateModified\":\"2025-11-07T18:41:58+00:00\",\"breadcrumb\":{\"@id\":\"https:\/\/www.ambiances-architecture.fr\/index.php\/contact\/#breadcrumb\"},\"inLanguage\":\"fr-FR\",\"potentialAction\":[{\"@type\":\"ReadAction\",\"target\":[\"https:\/\/www.ambiances-architecture.fr\/index.php\/contact\/\"]}]},{\"@type\":\"ImageObject\",\"inLanguage\":\"fr-FR\",\"@id\":\"https:\/\/www.ambiances-architecture.fr\/index.php\/contact\/#primaryimage\",\"url\":\"https:\/\/www.ambiances-architecture.fr\/wp-content\/uploads\/2025\/10\/trame.png\",\"contentUrl\":\"https:\/\/www.ambiances-architecture.fr\/wp-content\/uploads\/2025\/10\/trame.png\",\"width\":1309,\"height\":953,\"caption\":\"architecte d'int\u00e9rieur reims - accueil\"},{\"@type\":\"BreadcrumbList\",\"@id\":\"https:\/\/www.ambiances-architecture.fr\/index.php\/contact\/#breadcrumb\",\"itemListElement\":[{\"@type\":\"ListItem\",\"position\":1,\"name\":\"Home\",\"item\":\"https:\/\/www.ambiances-architecture.fr\/\"},{\"@type\":\"ListItem\",\"position\":2,\"name\":\"Contact\"}]},{\"@type\":\"WebSite\",\"@id\":\"https:\/\/www.ambiances-architecture.fr\/#website\",\"url\":\"https:\/\/www.ambiances-architecture.fr\/\",\"name\":\"Ambiances &amp; Architecture\",\"description\":\"Design et Architecture d&#039;int\u00e9rieur sur reims\",\"publisher\":{\"@id\":\"https:\/\/www.ambiances-architecture.fr\/#organization\"},\"potentialAction\":[{\"@type\":\"SearchAction\",\"target\":{\"@type\":\"EntryPoint\",\"urlTemplate\":\"https:\/\/www.ambiances-architecture.fr\/?s={search_term_string}\"},\"query-input\":{\"@type\":\"PropertyValueSpecification\",\"valueRequired\":true,\"valueName\":\"search_term_string\"}}],\"inLanguage\":\"fr-FR\"},{\"@type\":\"Organization\",\"@id\":\"https:\/\/www.ambiances-architecture.fr\/#organization\",\"name\":\"Ambiances &amp; Architecture\",\"url\":\"https:\/\/www.ambiances-architecture.fr\/\",\"logo\":{\"@type\":\"ImageObject\",\"inLanguage\":\"fr-FR\",\"@id\":\"https:\/\/www.ambiances-architecture.fr\/#\/schema\/logo\/image\/\",\"url\":\"https:\/\/www.ambiances-architecture.fr\/wp-content\/uploads\/2025\/10\/Plan-de-travail-2-copie.png\",\"contentUrl\":\"https:\/\/www.ambiances-architecture.fr\/wp-content\/uploads\/2025\/10\/Plan-de-travail-2-copie.png\",\"width\":1921,\"height\":567,\"caption\":\"Ambiances &amp; Architecture\"},\"image\":{\"@id\":\"https:\/\/www.ambiances-architecture.fr\/#\/schema\/logo\/image\/\"}}]}<\/script>\n<!-- \/ Yoast SEO plugin. -->","yoast_head_json":{"title":"Contact - Ambiances &amp; Architecture","robots":{"index":"index","follow":"follow","max-snippet":"max-snippet:-1","max-image-preview":"max-image-preview:large","max-video-preview":"max-video-preview:-1"},"canonical":"https:\/\/www.ambiances-architecture.fr\/index.php\/contact\/","og_locale":"fr_FR","og_type":"article","og_title":"Contact - Ambiances &amp; Architecture","og_description":"Contact","og_url":"https:\/\/www.ambiances-architecture.fr\/index.php\/contact\/","og_site_name":"Ambiances &amp; Architecture","article_modified_time":"2025-11-07T18:41:58+00:00","og_image":[{"width":1309,"height":953,"url":"https:\/\/www.ambiances-architecture.fr\/wp-content\/uploads\/2025\/10\/trame.png","type":"image\/png"}],"twitter_card":"summary_large_image","twitter_misc":{"Dur\u00e9e de lecture estim\u00e9e":"1 minute"},"schema":{"@context":"https:\/\/schema.org","@graph":[{"@type":"WebPage","@id":"https:\/\/www.ambiances-architecture.fr\/index.php\/contact\/","url":"https:\/\/www.ambiances-architecture.fr\/index.php\/contact\/","name":"Contact - Ambiances &amp; Architecture","isPartOf":{"@id":"https:\/\/www.ambiances-architecture.fr\/#website"},"primaryImageOfPage":{"@id":"https:\/\/www.ambiances-architecture.fr\/index.php\/contact\/#primaryimage"},"image":{"@id":"https:\/\/www.ambiances-architecture.fr\/index.php\/contact\/#primaryimage"},"thumbnailUrl":"https:\/\/www.ambiances-architecture.fr\/wp-content\/uploads\/2025\/10\/trame.png","datePublished":"2025-10-10T08:33:11+00:00","dateModified":"2025-11-07T18:41:58+00:00","breadcrumb":{"@id":"https:\/\/www.ambiances-architecture.fr\/index.php\/contact\/#breadcrumb"},"inLanguage":"fr-FR","potentialAction":[{"@type":"ReadAction","target":["https:\/\/www.ambiances-architecture.fr\/index.php\/contact\/"]}]},{"@type":"ImageObject","inLanguage":"fr-FR","@id":"https:\/\/www.ambiances-architecture.fr\/index.php\/contact\/#primaryimage","url":"https:\/\/www.ambiances-architecture.fr\/wp-content\/uploads\/2025\/10\/trame.png","contentUrl":"https:\/\/www.ambiances-architecture.fr\/wp-content\/uploads\/2025\/10\/trame.png","width":1309,"height":953,"caption":"architecte d'int\u00e9rieur reims - accueil"},{"@type":"BreadcrumbList","@id":"https:\/\/www.ambiances-architecture.fr\/index.php\/contact\/#breadcrumb","itemListElement":[{"@type":"ListItem","position":1,"name":"Home","item":"https:\/\/www.ambiances-architecture.fr\/"},{"@type":"ListItem","position":2,"name":"Contact"}]},{"@type":"WebSite","@id":"https:\/\/www.ambiances-architecture.fr\/#website","url":"https:\/\/www.ambiances-architecture.fr\/","name":"Ambiances &amp; Architecture","description":"Design et Architecture d&#039;int\u00e9rieur sur reims","publisher":{"@id":"https:\/\/www.ambiances-architecture.fr\/#organization"},"potentialAction":[{"@type":"SearchAction","target":{"@type":"EntryPoint","urlTemplate":"https:\/\/www.ambiances-architecture.fr\/?s={search_term_string}"},"query-input":{"@type":"PropertyValueSpecification","valueRequired":true,"valueName":"search_term_string"}}],"inLanguage":"fr-FR"},{"@type":"Organization","@id":"https:\/\/www.ambiances-architecture.fr\/#organization","name":"Ambiances &amp; Architecture","url":"https:\/\/www.ambiances-architecture.fr\/","logo":{"@type":"ImageObject","inLanguage":"fr-FR","@id":"https:\/\/www.ambiances-architecture.fr\/#\/schema\/logo\/image\/","url":"https:\/\/www.ambiances-architecture.fr\/wp-content\/uploads\/2025\/10\/Plan-de-travail-2-copie.png","contentUrl":"https:\/\/www.ambiances-architecture.fr\/wp-content\/uploads\/2025\/10\/Plan-de-travail-2-copie.png","width":1921,"height":567,"caption":"Ambiances &amp; Architecture"},"image":{"@id":"https:\/\/www.ambiances-architecture.fr\/#\/schema\/logo\/image\/"}}]}},"_links":{"self":[{"href":"https:\/\/www.ambiances-architecture.fr\/index.php\/wp-json\/wp\/v2\/pages\/42","targetHints":{"allow":["GET"]}}],"collection":[{"href":"https:\/\/www.ambiances-architecture.fr\/index.php\/wp-json\/wp\/v2\/pages"}],"about":[{"href":"https:\/\/www.ambiances-architecture.fr\/index.php\/wp-json\/wp\/v2\/types\/page"}],"author":[{"embeddable":true,"href":"https:\/\/www.ambiances-architecture.fr\/index.php\/wp-json\/wp\/v2\/users\/1"}],"replies":[{"embeddable":true,"href":"https:\/\/www.ambiances-architecture.fr\/index.php\/wp-json\/wp\/v2\/comments?post=42"}],"version-history":[{"count":37,"href":"https:\/\/www.ambiances-architecture.fr\/index.php\/wp-json\/wp\/v2\/pages\/42\/revisions"}],"predecessor-version":[{"id":983,"href":"https:\/\/www.ambiances-architecture.fr\/index.php\/wp-json\/wp\/v2\/pages\/42\/revisions\/983"}],"wp:attachment":[{"href":"https:\/\/www.ambiances-architecture.fr\/index.php\/wp-json\/wp\/v2\/media?parent=42"}],"curies":[{"name":"wp","href":"https:\/\/api.w.org\/{rel}","templated":true}]}}